{"id":399,"date":"2022-07-26T07:42:46","date_gmt":"2022-07-26T07:42:46","guid":{"rendered":"https:\/\/bgranalytics.com\/projects\/MTT\/dev\/?page_id=399"},"modified":"2025-02-14T05:26:00","modified_gmt":"2025-02-14T05:26:00","slug":"privacy-policy","status":"publish","type":"page","link":"https:\/\/dev.skydevstaging.com\/mttes\/privacy-policy\/","title":{"rendered":"Pol\u00edtica de privacidad de MTT"},"content":{"rendered":"<h4>Nuestro compromiso con su privacidad<\/h4>\n<p><span style=\"font-weight: 400;\">Bienvenido a My Traffic Tickets (MTT), un sitio web y una aplicaci\u00f3n (la \u201cAplicaci\u00f3n\u201d) operados por Ticket Submitters LLC bajo el nombre comercial My Traffic Tickets (la \u201cEmpresa\u201d). La siguiente Pol\u00edtica de Privacidad se aplica al uso del sitio web www.mytraffictickets.com (el \u201cSitio\u201d) y la Aplicaci\u00f3n. El t\u00e9rmino \u201cSitio\u201d aqu\u00ed puede referirse tanto al Sitio como a la Aplicaci\u00f3n.\u00a0<\/span><\/p>\n<p>&nbsp;<\/p>\n<p><span style=\"font-weight: 400;\">Respetamos y protegemos la privacidad de nuestros usuarios. Esta Pol\u00edtica explica c\u00f3mo recopilamos y utilizamos su informaci\u00f3n y forma parte de nuestros T\u00e9rminos de Uso.<\/span><\/p>\n<p>&nbsp;<\/p>\n<p><b>Su consentimiento\u00a0<\/b><\/p>\n<p><span style=\"font-weight: 400;\">Al usar nuestro Sitio, usted acepta nuestra Pol\u00edtica de Privacidad. Si no est\u00e1 de acuerdo, por favor no lo utilice.<\/span><\/p>\n<p>&nbsp;<\/p>\n<p><b>\u00bfQu\u00e9 informaci\u00f3n recopilamos?<\/b><\/p>\n<p><span style=\"font-weight: 400;\">Cuando se registre en el Sitio como posible cliente de un abogado que utilice el Sitio, se le pedir\u00e1 que proporcione informaci\u00f3n personal y sobre su caso legal, como: Nombre, correo electr\u00f3nico, fecha de nacimiento, n\u00famero de tel\u00e9fono, tipo y n\u00famero de licencia de conducir (y copia), prueba de seguro, direcci\u00f3n y datos de su multa de tr\u00e1nsito.<\/span><\/p>\n<p>&nbsp;<\/p>\n<p><span style=\"font-weight: 400;\">Nuestro proveedor de servicios de facturaci\u00f3n recopilar\u00e1 su nombre completo, n\u00famero de tarjeta de cr\u00e9dito y direcci\u00f3n de facturaci\u00f3n.<\/span><\/p>\n<p>&nbsp;<\/p>\n<p><span style=\"font-weight: 400;\">Informaci\u00f3n enviada por su dispositivo m\u00f3vil. Recopilamos cierta informaci\u00f3n que env\u00eda su dispositivo m\u00f3vil cuando utiliza nuestro Sitio, como un identificador de dispositivo, la configuraci\u00f3n de usuario y el sistema operativo de su dispositivo, as\u00ed como informaci\u00f3n sobre su uso de nuestros Servicios.<\/span><\/p>\n<p>&nbsp;<\/p>\n<p><span style=\"font-weight: 400;\">Informaci\u00f3n de localizaci\u00f3n. Cuando utiliza nuestra Aplicaci\u00f3n, podemos recopilar y almacenar informaci\u00f3n sobre su ubicaci\u00f3n convirtiendo su direcci\u00f3n IP en una geolocalizaci\u00f3n aproximada o accediendo a las coordenadas GPS de su dispositivo m\u00f3vil o a la ubicaci\u00f3n aproximada si habilita los servicios de localizaci\u00f3n en su dispositivo. Podemos utilizar la informaci\u00f3n de localizaci\u00f3n para mejorar y personalizar nuestros Servicios para usted. Si no desea que recopilemos informaci\u00f3n de localizaci\u00f3n, puede desactivar esa funci\u00f3n en su dispositivo m\u00f3vil.<\/span><\/p>\n<p>&nbsp;<\/p>\n<p><span style=\"font-weight: 400;\">Nosotros y nuestros proveedores de servicios externos podemos recopilar cierta informaci\u00f3n sobre su uso de nuestro sitio web. Por ejemplo, podemos recopilar y\/o utilizar:<\/span><\/p>\n<p>&nbsp;<\/p>\n<p><span style=\"font-weight: 400;\">Informaci\u00f3n de registro (incluye su direcci\u00f3n IP, tipo de navegador, proveedor de servicios de Internet, p\u00e1ginas de referencia y salida, sistema operativo, fechas\/horas de acceso, y datos relacionados).<\/span><\/p>\n<p>&nbsp;<\/p>\n<p><span style=\"font-weight: 400;\">Informaci\u00f3n recopilada mediante cookies y p\u00edxeles de seguimiento.<\/span><\/p>\n<p>&nbsp;<\/p>\n<p><span style=\"font-weight: 400;\">Balizas web (o \u201cetiquetas de Internet\u201d, para contar visitantes y registrar p\u00e1ginas vistas y enlaces en los que hizo clic).<\/span><\/p>\n<p>&nbsp;<\/p>\n<p><span style=\"font-weight: 400;\">Scripts incrustados (c\u00f3digo descargado temporalmente en su dispositivo para recopilar interacciones y eliminado despu\u00e9s). Almacenamiento de su informaci\u00f3n Sus datos pueden ser guardados en nuestros servidores o en servidores de proveedores externos de almacenamiento en la nube, los cuales solo usar\u00e1n su informaci\u00f3n seg\u00fan lo establecido en esta Pol\u00edtica de Privacidad.<\/span><\/p>\n<p>&nbsp;<\/p>\n<p><b>\u00bfC\u00f3mo usamos su informaci\u00f3n?<\/b><span style=\"font-weight: 400;\"> La informaci\u00f3n que recopilamos de usted puede utilizarse para:\u00a0<\/span><\/p>\n<p>&nbsp;<\/p>\n<p><span style=\"font-weight: 400;\">Proporcionarle nuestros servicios.\u00a0<\/span><\/p>\n<p><span style=\"font-weight: 400;\">Permitir que los abogados del sitio le ofrezcan servicios legales.\u00a0<\/span><\/p>\n<p><span style=\"font-weight: 400;\">Mejorar nuestro sitio web y servicios.<\/span><\/p>\n<p><span style=\"font-weight: 400;\">Fines de marketing.\u00a0<\/span><\/p>\n<p><span style=\"font-weight: 400;\">Responder a sus mensajes y comentarios.<\/span><\/p>\n<p><span style=\"font-weight: 400;\">Enviarle avisos t\u00e9cnico\u00a0<\/span><\/p>\n<p><span style=\"font-weight: 400;\">\u00bfUsamos cookies o p\u00edxeles de seguimiento?<\/span><\/p>\n<p>&nbsp;<\/p>\n<p><span style=\"font-weight: 400;\">S\u00ed.\u00a0<\/span><\/p>\n<p><span style=\"font-weight: 400;\">Las cookies son archivos peque\u00f1os que incluyen un identificador \u00fanico an\u00f3nimo. Las cookies nos permiten reconocer su navegador y recordar cierta informaci\u00f3n sobre usted para personalizar su experiencia en nuestro Sitio.<\/span><\/p>\n<p>&nbsp;<\/p>\n<p><span style=\"font-weight: 400;\">Tambi\u00e9n usamos cookies para recopilar datos agregados sobre el tr\u00e1fico de nuestro Sitio para mejorarlo.\u00a0<\/span><\/p>\n<p>&nbsp;<\/p>\n<p><span style=\"font-weight: 400;\">Podemos usar tanto cookies persistentes como de sesi\u00f3n. Las cookies persistentes permanecen en su computadora despu\u00e9s de cerrar la sesi\u00f3n hasta que las elimine; las cookies de sesi\u00f3n expiran cuando cierra su navegador.\u00a0<\/span><\/p>\n<p>&nbsp;<\/p>\n<p><span style=\"font-weight: 400;\">Un p\u00edxel de seguimiento es una imagen de tama\u00f1o diminuto que nos permite rastrear visitas a su sitio web, impresiones publicitarias y otras actividades en l\u00ednea. A veces tambi\u00e9n se le llama \u201cweb bug\u201d, \u201cbeacon\u201d o \u201cetiqueta de p\u00e1gina\u201d.\u00a0<\/span><\/p>\n<p>&nbsp;<\/p>\n<p><b>\u00bfUsamos Google AdWords u otros m\u00e9todos de remarketing<\/b><span style=\"font-weight: 400;\">?\u00a0<\/span><\/p>\n<p><span style=\"font-weight: 400;\">S\u00ed. Podemos usar el servicio de remarketing de Google AdWords o Google Analytics para hacer publicidad en sitios web de terceros (incluido Google) a visitantes previos de nuestro Sitio. Esto puede significar que publicamos anuncios a visitantes previos que no han completado una tarea en nuestro Sitio, como utilizar el formulario de contacto para hacer una consulta. Esto podr\u00eda aparecer como un anuncio en la p\u00e1gina de resultados de b\u00fasqueda de Google o en un sitio dentro de la Red de Display de Google.\u00a0<\/span><\/p>\n<p>&nbsp;<\/p>\n<p><span style=\"font-weight: 400;\">Los proveedores de terceros, incluido Google, usan cookies para mostrar anuncios seg\u00fan las visitas previas al Sitio. Cualquier dato recopilado se usar\u00e1 de acuerdo connuestra propia pol\u00edtica de privacidad y la pol\u00edtica de privacidad de Google.\u00a0<\/span><\/p>\n<p>&nbsp;<\/p>\n<p><span style=\"font-weight: 400;\">Puede establecer sus preferencias sobre el modo en que Google le env\u00eda publicidad a trav\u00e9s de la p\u00e1gina de anuncios de Google.<\/span><\/p>\n<p>&nbsp;<\/p>\n<p><b>\u00bfC\u00f3mo respondemos a las se\u00f1ales de \u00abNo rastrear\u00bb?\u00a0<\/b><\/p>\n<p><span style=\"font-weight: 400;\">Podemos rastrear su comportamiento de navegaci\u00f3n para adaptar mejor las sugerencias y la informaci\u00f3n para usted.\u00a0<\/span><\/p>\n<p>&nbsp;<\/p>\n<p><span style=\"font-weight: 400;\">Algunos sitios de terceros tambi\u00e9n realizan un seguimiento de sus actividades de navegaci\u00f3n cuando le ofrecen contenidos, lo que les permite adaptar lo que le presentan.\u00a0<\/span><\/p>\n<p>&nbsp;<\/p>\n<p><span style=\"font-weight: 400;\">Usted puede optar por no participar en ciertos rastreos ajustando la configuraci\u00f3n de su navegador. No obstante, muchos sitios web (incluido el Sitio) pueden no responder a tales se\u00f1ales.\u00a0<\/span><\/p>\n<p>&nbsp;<\/p>\n<p><span style=\"font-weight: 400;\">Tambi\u00e9n existen extensiones del navegador que pueden bloquear el rastreo. Una vez m\u00e1s, puede que no sean efectivas en todos los casos.\u00a0<\/span><\/p>\n<p>&nbsp;<\/p>\n<p><b>\u00bfDurante cu\u00e1nto tiempo almacenamos su informaci\u00f3n?\u00a0<\/b><\/p>\n<p><span style=\"font-weight: 400;\">Tenemos la intenci\u00f3n de almacenar alguna de su informaci\u00f3n de contenido de usuario indefinidamente.\u00a0<\/span><\/p>\n<p>&nbsp;<\/p>\n<p><b>\u00bfQu\u00e9 ocurre con los enlaces a otros sitios web?\u00a0<\/b><\/p>\n<p><span style=\"font-weight: 400;\">Podemos proporcionar enlaces o compatibilidad con otros sitios web. Sin embargo, no somos responsables de las pr\u00e1cticas de privacidad empleadas por esos sitios web o de la informaci\u00f3n o contenido que contengan.\u00a0<\/span><\/p>\n<p>&nbsp;<\/p>\n<p><b>\u00bfC\u00f3mo protegemos su informaci\u00f3n?\u00a0<\/b><\/p>\n<p><span style=\"font-weight: 400;\">Utilizamos procedimientos f\u00edsicos, electr\u00f3nicos y de otro tipo para salvaguardar y proteger la informaci\u00f3n que recopilamos. Sin embargo, tenga en cuenta que Internet es un entorno intr\u00ednsecamente inseguro y que los piratas inform\u00e1ticos trabajan constantemente para burlar las medidas de seguridad.\u00a0<\/span><\/p>\n<p>&nbsp;<\/p>\n<p><span style=\"font-weight: 400;\">Por lo tanto, no podemos garantizar que no se acceda a su informaci\u00f3n, que no se divulgue, altere o destruya, y usted acepta este riesgo.\u00a0<\/span><\/p>\n<p>&nbsp;<\/p>\n<p><b>\u00bfC\u00f3mo puede proteger su informaci\u00f3n?\u00a0<\/b><\/p>\n<p><span style=\"font-weight: 400;\">Le instamos a que tome medidas para mantener segura su informaci\u00f3n personal, no comparti\u00e9ndola con otros ni public\u00e1ndola en Internet.\u00a0<\/span><\/p>\n<p>&nbsp;<\/p>\n<p><b>\u00bfDivulgamos informaci\u00f3n a terceros?\u00a0<\/b><\/p>\n<p><span style=\"font-weight: 400;\">No vendemos, intercambiamos ni transferimos de ning\u00fan otro modo a terceros sus datos personales con fines comerciales o de marketing.\u00a0<\/span><\/p>\n<p>&nbsp;<\/p>\n<p><span style=\"font-weight: 400;\">Si nos lo exige una orden judicial v\u00e1lida, facilitaremos su informaci\u00f3n personal en un procedimiento civil o penal.\u00a0<\/span><\/p>\n<p>&nbsp;<\/p>\n<p><span style=\"font-weight: 400;\">No compartiremos ninguna informaci\u00f3n de identificaci\u00f3n personal que hayamos recopilado de usted o relacionada con usted, excepto en los casos descritos a continuaci\u00f3n.\u00a0<\/span><\/p>\n<p>&nbsp;<\/p>\n<p><b>Informaci\u00f3n divulgada en relaci\u00f3n con transacciones comerciales.<\/b><span style=\"font-weight: 400;\"> Si somos adquiridos por un tercero debido a una transacci\u00f3n como una fusi\u00f3n, adquisici\u00f3n o venta de activos, o si nuestros activos son adquiridos por un tercero en caso de quiebra, algunos o todos nuestros activos, incluida su informaci\u00f3n de identificaci\u00f3n personal, pueden ser divulgados o transferidos al adquirente en relaci\u00f3n con la transacci\u00f3n.\u00a0<\/span><\/p>\n<p>&nbsp;<\/p>\n<p><b>Informaci\u00f3n divulgada para nuestra protecci\u00f3n y la de otros.<\/b><span style=\"font-weight: 400;\"> Cooperamos con autoridades gubernamentales y de la ley o partes privadas para hacer cumplir y cumplir con la ley. Podemos divulgar cualquier informaci\u00f3n sobre usted a autoridades gubernamentales o de la ley o partes privadas si, a nuestra discreci\u00f3n, creemos que es necesario o apropiado: (i) para responder a reclamaciones, procesos legales (incluidos los citatorios); (ii) para proteger nuestra propiedad, derechos y seguridad y la propiedad, derechos y seguridad de terceros o del p\u00fablico en general; y (iii) para detener cualquier actividad que consideremos ilegal, poco \u00e9tica o legalmente procesable. No destinado a menores.<\/span><\/p>\n<p>&nbsp;<\/p>\n<p><span style=\"font-weight: 400;\">Nuestro Sitio no est\u00e1 destinado a ni\u00f1os menores de 13 a\u00f1os.\u00a0<\/span><\/p>\n<p>&nbsp;<\/p>\n<p><span style=\"font-weight: 400;\">No recopilamos intencionalmente informaci\u00f3n de o sobre ni\u00f1os menores de 13 a\u00f1os.\u00a0<\/span><\/p>\n<p>&nbsp;<\/p>\n<p><span style=\"font-weight: 400;\">Cambios en nuestra pol\u00edtica de privacidad.\u00a0<\/span><\/p>\n<p>&nbsp;<\/p>\n<p><span style=\"font-weight: 400;\">Si decidimos cambiar nuestra pol\u00edtica de privacidad, publicaremos esos cambios en esta p\u00e1gina. Tambi\u00e9n podemos, pero no estamos obligados a, enviarle un aviso por correo electr\u00f3nico.<\/span><\/p>\n<p data-ogsc=\"black\" data-olk-copy-source=\"MessageBody\">No se compartir\u00e1 ninguna informaci\u00f3n m\u00f3vil con terceros\/afiliados con fines de marketing\/promoci\u00f3n. Todas las solicitudes de OPT-IN incluyen datos de aceptaci\u00f3n y consentimiento del originador de mensajes de texto; Esta informaci\u00f3n no ser\u00e1 compartida con terceros.<\/p>\n<p><span style=\"font-weight: 400;\">Cont\u00e1ctenos.<\/span><\/p>\n<p><span style=\"font-weight: 400;\">Si tiene preguntas sobre nuestra Pol\u00edtica de Privacidad, por favor cont\u00e1ctenos a <\/span><a href=\"mailto:info@mytraffictickets.com\"><span style=\"font-weight: 400;\">info@mytraffictickets.com<\/span><\/a><span style=\"font-weight: 400;\">.<\/span><\/p>\n<p><span style=\"font-weight: 400;\">\u00daltima actualizaci\u00f3n: 25 de febrero de 2019.<\/span><\/p>\n","protected":false},"excerpt":{"rendered":"<p>Nuestro compromiso con su privacidad Bienvenido a My Traffic Tickets (MTT), un sitio web y una aplicaci\u00f3n (la \u201cAplicaci\u00f3n\u201d) operados por Ticket Submitters LLC bajo el nombre comercial My Traffic Tickets (la \u201cEmpresa\u201d). La siguiente Pol\u00edtica de Privacidad se aplica al uso del sitio web www.mytraffictickets.com (el \u201cSitio\u201d) y la Aplicaci\u00f3n. El t\u00e9rmino \u201cSitio\u201d aqu\u00ed &hellip; <\/p>\n<p class=\"link-more\"><a href=\"https:\/\/dev.skydevstaging.com\/mttes\/privacy-policy\/\" class=\"more-link\">Continue reading<span class=\"screen-reader-text\"> &#8220;Pol\u00edtica de privacidad de MTT&#8221;<\/span><\/a><\/p>\n","protected":false},"author":1,"featured_media":0,"parent":0,"menu_order":0,"comment_status":"closed","ping_status":"closed","template":"","meta":{"_acf_changed":false,"footnotes":""},"acf":[],"_links":{"self":[{"href":"https:\/\/dev.skydevstaging.com\/mttes\/wp-json\/wp\/v2\/pages\/399"}],"collection":[{"href":"https:\/\/dev.skydevstaging.com\/mttes\/wp-json\/wp\/v2\/pages"}],"about":[{"href":"https:\/\/dev.skydevstaging.com\/mttes\/wp-json\/wp\/v2\/types\/page"}],"author":[{"embeddable":true,"href":"https:\/\/dev.skydevstaging.com\/mttes\/wp-json\/wp\/v2\/users\/1"}],"replies":[{"embeddable":true,"href":"https:\/\/dev.skydevstaging.com\/mttes\/wp-json\/wp\/v2\/comments?post=399"}],"version-history":[{"count":11,"href":"https:\/\/dev.skydevstaging.com\/mttes\/wp-json\/wp\/v2\/pages\/399\/revisions"}],"predecessor-version":[{"id":3002,"href":"https:\/\/dev.skydevstaging.com\/mttes\/wp-json\/wp\/v2\/pages\/399\/revisions\/3002"}],"wp:attachment":[{"href":"https:\/\/dev.skydevstaging.com\/mttes\/wp-json\/wp\/v2\/media?parent=399"}],"curies":[{"name":"wp","href":"https:\/\/api.w.org\/{rel}","templated":true}]}}